{"id":2,"date":"2020-11-20T11:56:22","date_gmt":"2020-11-20T10:56:22","guid":{"rendered":"https:\/\/zahnarztpraxis-buerger.de\/?page_id=2"},"modified":"2020-12-13T19:58:49","modified_gmt":"2020-12-13T18:58:49","slug":"beispiel-seite","status":"publish","type":"page","link":"https:\/\/zahnarztpraxis-buerger.de\/","title":{"rendered":"Startseite"},"content":{"rendered":"\n<center>\n<h1>Ihre Zahnarztpraxis<br>im<br>Landkreis Alt\u00f6tting<\/h1>\n<\/center>\n\n\n\n<hr class=\"wp-block-separator\"\/>\n\n\n<div class=\"n2-section-smartslider fitvidsignore  n2_clear\" data-ssid=\"3\" tabindex=\"0\" role=\"region\" aria-label=\"Slider\"><div class=\"n2-ss-margin\" style=\"margin: 5px 5px 5px 5px;\"><div id=\"n2-ss-3-align\" class=\"n2-ss-align\"><div class=\"n2-padding\"><div id=\"n2-ss-3\" data-creator=\"Smart Slider 3\" data-responsive=\"auto\" class=\"n2-ss-slider n2-ow n2-has-hover n2notransition  \">\n\n\n\n\n\n\n\n<div class=\"n2-ss-slider-wrapper-outside\" style=\"grid-template-rows:1fr auto\"><div class=\"n2-ss-slider-wrapper-inside\">\n        <div class=\"n2-ss-slider-1 n2_ss__touch_element n2-ow\">\n            <div class=\"n2-ss-slider-2 n2-ow\">\n                                                <div class=\"n2-ss-slider-3 n2-ow\">\n\n                    <div class=\"n2-ss-slide-backgrounds n2-ow-all\"><div class=\"n2-ss-slide-background\" data-public-id=\"1\" data-mode=\"fill\"><div class=\"n2-ss-slide-background-image\" data-blur=\"0\" data-opacity=\"100\" data-x=\"50\" data-y=\"50\" data-alt=\"\" data-title=\"\"><picture class=\"skip-lazy\" data-skip-lazy=\"1\"><img src=\"\/\/zahnarztpraxis-buerger.de\/wp-content\/uploads\/2020\/12\/Logo-Text.png\" alt=\"\" title=\"\" loading=\"lazy\" class=\"skip-lazy\" data-skip-lazy=\"1\"><\/picture><\/div><div data-color=\"RGBA(255,255,255,0)\" style=\"background-color: RGBA(255,255,255,0);\" class=\"n2-ss-slide-background-color\"><\/div><\/div><div class=\"n2-ss-slide-background\" data-public-id=\"2\" data-mode=\"fill\" aria-hidden=\"true\"><div class=\"n2-ss-slide-background-image\" data-blur=\"0\" data-opacity=\"100\" data-x=\"50\" data-y=\"50\" data-alt=\"\" data-title=\"\"><picture class=\"skip-lazy\" data-skip-lazy=\"1\"><img src=\"\/\/zahnarztpraxis-buerger.de\/wp-content\/uploads\/2020\/12\/image.png\" alt=\"\" title=\"\" loading=\"lazy\" class=\"skip-lazy\" data-skip-lazy=\"1\"><\/picture><\/div><div data-color=\"RGBA(255,255,255,0)\" style=\"background-color: RGBA(255,255,255,0);\" class=\"n2-ss-slide-background-color\"><\/div><\/div><div class=\"n2-ss-slide-background\" data-public-id=\"3\" data-mode=\"fill\" aria-hidden=\"true\"><div class=\"n2-ss-slide-background-image\" data-blur=\"0\" data-opacity=\"100\" data-x=\"50\" data-y=\"50\" data-alt=\"\" data-title=\"\"><picture class=\"skip-lazy\" data-skip-lazy=\"1\"><img src=\"\/\/zahnarztpraxis-buerger.de\/wp-content\/uploads\/2020\/12\/Datenschutz-scaled.jpg\" alt=\"\" title=\"\" loading=\"lazy\" class=\"skip-lazy\" data-skip-lazy=\"1\"><\/picture><\/div><div data-color=\"RGBA(255,255,255,0)\" style=\"background-color: RGBA(255,255,255,0);\" class=\"n2-ss-slide-background-color\"><\/div><\/div><div class=\"n2-ss-slide-background\" data-public-id=\"4\" data-mode=\"fill\" aria-hidden=\"true\"><div class=\"n2-ss-slide-background-image\" data-blur=\"0\" data-opacity=\"100\" data-x=\"50\" data-y=\"50\" data-alt=\"\" data-title=\"\"><picture class=\"skip-lazy\" data-skip-lazy=\"1\"><img src=\"\/\/zahnarztpraxis-buerger.de\/wp-content\/uploads\/2020\/12\/zahnarztbesteck.jpg\" alt=\"\" title=\"\" loading=\"lazy\" class=\"skip-lazy\" data-skip-lazy=\"1\"><\/picture><\/div><div data-color=\"RGBA(255,255,255,0)\" style=\"background-color: RGBA(255,255,255,0);\" class=\"n2-ss-slide-background-color\"><\/div><\/div><\/div>                    <div class=\"n2-ss-slider-4 n2-ow\">\n                        <svg xmlns=\"http:\/\/www.w3.org\/2000\/svg\" viewBox=\"0 0 1200 400\" data-related-device=\"desktopPortrait\" class=\"n2-ow n2-ss-preserve-size n2-ss-preserve-size--slider n2-ss-slide-limiter\"><\/svg><div data-first=\"1\" data-slide-duration=\"0\" data-id=\"9\" data-slide-public-id=\"1\" data-title=\"piktogram\" class=\"n2-ss-slide n2-ow  n2-ss-slide-9\"><div role=\"note\" class=\"n2-ss-slide--focus\" tabindex=\"-1\">piktogram<\/div><div class=\"n2-ss-layers-container n2-ss-slide-limiter n2-ow\"><div class=\"n2-ss-layer n2-ow n-uc-w9zeUeX1IBlE\" data-sstype=\"slide\" data-pm=\"default\"><div class=\"n2-ss-layer n2-ow n-uc-1ce7bf4a17edc\" data-pm=\"default\" data-sstype=\"content\" data-hasbackground=\"0\"><div class=\"n2-ss-section-main-content n2-ss-layer-with-background n2-ss-layer-content n2-ow n-uc-1ce7bf4a17edc-inner\"><div class=\"n2-ss-layer n2-ow n-uc-IedGn4Cwxr6x\" data-pm=\"normal\" data-sstype=\"layer\"><div class=\"n2-ss-item-content n2-ss-text n2-ow-all\"><div class=\"\"><p class=\"n2-font-8066bc4657e3796960b7d2da273ec794-paragraph   \">Willkommen auf der Seite unserer Zahnarztpraxis!<\/p>\n<\/div><\/div><\/div><div class=\"n2-ss-layer n2-ow n2-ss-layer--block n2-ss-has-self-align n-uc-172011037f739\" data-pm=\"normal\" data-sstype=\"row\"><div class=\"n2-ss-layer-row n2-ss-layer-with-background n-uc-172011037f739-inner\"><div class=\"n2-ss-layer-row-inner \"><div class=\"n2-ss-layer n2-ow n-uc-1492a941d6090\" data-pm=\"default\" data-sstype=\"col\"><div class=\"n2-ss-layer-col n2-ss-layer-with-background n2-ss-layer-content n-uc-1492a941d6090-inner\"><div class=\"n2-ss-layer n2-ow n-uc-zaTrEIEajJgy\" data-pm=\"normal\" data-sstype=\"layer\"><div class=\" n2-ss-item-image-content n2-ss-item-content n2-ow-all\"><a href=\"tel:+4986715854\"><img loading=\"lazy\" id=\"n2-ss-3item2\" alt=\"\" class=\"skip-lazy\" width=\"30\" height=\"30\" data-skip-lazy=\"1\" src=\"\/\/zahnarztpraxis-buerger.de\/wp-content\/uploads\/2020\/12\/telephone65-blue.png\" \/><\/a><\/div><\/div><\/div><\/div><div class=\"n2-ss-layer n2-ow n-uc-120d02c527c7f\" data-pm=\"default\" data-sstype=\"col\"><div class=\"n2-ss-layer-col n2-ss-layer-with-background n2-ss-layer-content n-uc-120d02c527c7f-inner\"><div class=\"n2-ss-layer n2-ow n-uc-Eyw6NTPDdqmp\" data-pm=\"normal\" data-sstype=\"layer\"><div class=\" n2-ss-item-image-content n2-ss-item-content n2-ow-all\"><a href=\"https:\/\/www.zahnarzt-notdienst.de\/notdienst\/0\/altoetting-08671.php\"><img loading=\"lazy\" id=\"n2-ss-3item3\" alt=\"\" class=\"skip-lazy\" width=\"635\" height=\"280\" data-skip-lazy=\"1\" src=\"\/\/zahnarztpraxis-buerger.de\/wp-content\/uploads\/2020\/12\/image.png\" \/><\/a><\/div><\/div><\/div><\/div><\/div><\/div><\/div><\/div><\/div><\/div><\/div><\/div><div data-slide-duration=\"0\" data-id=\"5\" data-slide-public-id=\"2\" aria-hidden=\"true\" data-title=\"Notdienst\" data-haslink=\"1\" data-href=\"https:\/\/www.zahnarzt-notdienst.de\/notdienst-umkreis\/0\/altoetting-08671.php\" tabindex=\"0\" role=\"button\" data-n2click=\"url\" data-force-pointer=\"\" class=\"n2-ss-slide n2-ow  n2-ss-slide-5\"><div role=\"note\" class=\"n2-ss-slide--focus\">Notdienst<\/div><div class=\"n2-ss-layers-container n2-ss-slide-limiter n2-ow\"><div class=\"n2-ss-layer n2-ow n-uc-oNp1SyZqleGm\" data-sstype=\"slide\" data-pm=\"default\"><\/div><\/div><\/div><div data-slide-duration=\"0\" data-id=\"6\" data-slide-public-id=\"3\" aria-hidden=\"true\" data-title=\"Datenschutz\" class=\"n2-ss-slide n2-ow  n2-ss-slide-6\"><div role=\"note\" class=\"n2-ss-slide--focus\" tabindex=\"-1\">Datenschutz<\/div><div class=\"n2-ss-layers-container n2-ss-slide-limiter n2-ow\"><div class=\"n2-ss-layer n2-ow n-uc-7Gqz2oREmtKr\" data-sstype=\"slide\" data-pm=\"default\"><\/div><\/div><\/div><div data-slide-duration=\"0\" data-id=\"7\" data-slide-public-id=\"4\" aria-hidden=\"true\" data-title=\"WP-Login-BG\" class=\"n2-ss-slide n2-ow  n2-ss-slide-7\"><div role=\"note\" class=\"n2-ss-slide--focus\" tabindex=\"-1\">WP-Login-BG<\/div><div class=\"n2-ss-layers-container n2-ss-slide-limiter n2-ow\"><div class=\"n2-ss-layer n2-ow n-uc-0qFUlEOKiMk9\" data-sstype=\"slide\" data-pm=\"default\"><div class=\"n2-ss-layer n2-ow n-uc-12031314bbe28\" data-pm=\"default\" data-sstype=\"content\" data-hasbackground=\"0\"><div class=\"n2-ss-section-main-content n2-ss-layer-with-background n2-ss-layer-content n2-ow n-uc-12031314bbe28-inner\"><div class=\"n2-ss-layer n2-ow n-uc-x6d2VQCsI3ch\" data-pm=\"normal\" data-sstype=\"layer\"><div id=\"n2-ss-3item4\" class=\"  n2-ss-item-content n2-ss-text n2-ow\" style=\"display:block;\"><a class=\"n2-ow n2-font-28b1a9131fd1c85ccaa3961c4a26126e-hover \" style=\"display:block;\" href=\"https:\/\/zahnarztpraxis-buerger.de\/\">Unsere Leistungen<\/a><\/div><\/div><\/div><\/div><\/div><\/div><\/div>                    <\/div>\n\n                                    <\/div>\n            <\/div>\n        <\/div>\n        <div class=\"n2-ss-slider-controls n2-ss-slider-controls-absolute-right-top\"><div style=\"--widget-offset:15px;\" class=\"n2-ss-widget n2-ss-widget-display-hover n2-style-f17ddbf2d8ed14421f9093b94b93b8a9-heading nextend-autoplay n2-ow-all nextend-autoplay-image\" role=\"button\" aria-label=\"Play autoplay\" data-pause-label=\"Pause autoplay\" data-play-label=\"Play autoplay\" tabindex=\"0\"><img loading=\"lazy\" width=\"16\" height=\"16\" class=\"nextend-autoplay-play skip-lazy\" data-skip-lazy=\"1\" src=\"data:image\/svg+xml;base64,PHN2ZyB3aWR0aD0iMTYiIGhlaWdodD0iMTYiIHZpZXdCb3g9IjAgMCAxNiAxNiIgeG1sbnM9Imh0dHA6Ly93d3cudzMub3JnLzIwMDAvc3ZnIj4KICAgIDxwYXRoIGQ9Ik0xMS41OCA3LjAzTDUuMzAyIDIuMTY1QzUuMTY1IDIuMDU3IDUuMDE2IDIgNC44NTcgMiA0LjM4NCAyIDQgMi41MDQgNCAzLjEyNXY5Ljc1YzAgLjYyLjM4NCAxLjEyNS44NTcgMS4xMjUuMTYgMCAuMzA4LS4wNTcuNDM2LS4xNTZMMTEuNTggOC45N2MuMjUtLjE5OC40Mi0uNTU4LjQyLS45NyAwLS40MTItLjE3LS43NzMtLjQyLS45N3oiCiAgICAgICAgICBmaWxsPSIjZmZmZmZmIiBvcGFjaXR5PSIwLjgiIGZpbGwtcnVsZT0iZXZlbm9kZCIvPgo8L3N2Zz4=\" alt=\"Play\"><img loading=\"lazy\" width=\"16\" height=\"16\" class=\"nextend-autoplay-pause skip-lazy\" data-skip-lazy=\"1\" src=\"data:image\/svg+xml;base64,PHN2ZyB3aWR0aD0iMTYiIGhlaWdodD0iMTYiIHZpZXdCb3g9IjAgMCAxNiAxNiIgeG1sbnM9Imh0dHA6Ly93d3cudzMub3JnLzIwMDAvc3ZnIj4KICAgIDxwYXRoIGQ9Ik00IDJ2MTJoM1YySDR6bTUgMHYxMmgzVjJIOXoiIGZpbGw9IiNmZmZmZmYiIG9wYWNpdHk9IjAuOCIgZmlsbC1ydWxlPSJldmVub2RkIi8+Cjwvc3ZnPg==\" alt=\"Pause\"><\/div><\/div><div class=\"n2-ss-slider-controls n2-ss-slider-controls-absolute-left-center\"><div style=\"--widget-offset:15px;\" class=\"n2-ss-widget n2-ss-widget-display-hover nextend-arrow n2-ow-all nextend-arrow-previous  nextend-arrow-animated-fade\" data-hide-mobileportrait=\"1\" id=\"n2-ss-3-arrow-previous\" role=\"button\" aria-label=\"previous arrow\" tabindex=\"0\"><img loading=\"lazy\" width=\"32\" height=\"32\" class=\"n2-arrow-normal-img skip-lazy\" data-skip-lazy=\"1\" src=\"data:image\/svg+xml;base64,PHN2ZyB4bWxucz0iaHR0cDovL3d3dy53My5vcmcvMjAwMC9zdmciIHdpZHRoPSIzMiIgaGVpZ2h0PSIzMiIgdmlld0JveD0iMCAwIDMyIDMyIj4KICAgIDxwYXRoIGZpbGw9IiMzMzMzMzMiIGZpbGwtcnVsZT0iZXZlbm9kZCIKICAgICAgICAgIGQ9Ik0yMC42NTQgOS40M2wtNi4zMjYgNi41MjUgNi4zMjYgNi42Yy4yNDIuMjUzLjM2LjU0NS4zNi44OCAwIC4zMzMtLjExOC42MjUtLjM2Ljg3N2wtMS4yNDQgMS4zYy0uMjQuMjUtLjUyMy4zNzUtLjg0LjM3NS0uMzIgMC0uNi0uMTI0LS44NC0uMzc2bC04LjM2Ny04LjcyYy0uMjQtLjI1LS4zNjMtLjU0LS4zNjMtLjg4IDAtLjMzNC4xMjItLjYzLjM2My0uODhsOC4zNjctOC43NWMuMjMtLjI1Mi41MS0uMzc3LjgzLS4zNzcuMzI1IDAgLjYwNy4xMjYuODUuMzc4bDEuMjQyIDEuMzI2Yy4yNDIuMjUyLjM2LjU0LjM2Ljg2NCAwIC4zMi0uMTE4LjYxLS4zNi44NnoiCiAgICAgICAgICBvcGFjaXR5PSIxIi8+Cjwvc3ZnPgo=\" alt=\"previous arrow\"><img loading=\"lazy\" width=\"32\" height=\"32\" class=\"n2-arrow-hover-img skip-lazy\" data-skip-lazy=\"1\" src=\"data:image\/svg+xml;base64,PHN2ZyB4bWxucz0iaHR0cDovL3d3dy53My5vcmcvMjAwMC9zdmciIHdpZHRoPSIzMiIgaGVpZ2h0PSIzMiIgdmlld0JveD0iMCAwIDMyIDMyIj4KICAgIDxwYXRoIGZpbGw9IiMxYzBmZDUiIGZpbGwtcnVsZT0iZXZlbm9kZCIKICAgICAgICAgIGQ9Ik0yMC42NTQgOS40M2wtNi4zMjYgNi41MjUgNi4zMjYgNi42Yy4yNDIuMjUzLjM2LjU0NS4zNi44OCAwIC4zMzMtLjExOC42MjUtLjM2Ljg3N2wtMS4yNDQgMS4zYy0uMjQuMjUtLjUyMy4zNzUtLjg0LjM3NS0uMzIgMC0uNi0uMTI0LS44NC0uMzc2bC04LjM2Ny04LjcyYy0uMjQtLjI1LS4zNjMtLjU0LS4zNjMtLjg4IDAtLjMzNC4xMjItLjYzLjM2My0uODhsOC4zNjctOC43NWMuMjMtLjI1Mi41MS0uMzc3LjgzLS4zNzcuMzI1IDAgLjYwNy4xMjYuODUuMzc4bDEuMjQyIDEuMzI2Yy4yNDIuMjUyLjM2LjU0LjM2Ljg2NCAwIC4zMi0uMTE4LjYxLS4zNi44NnoiCiAgICAgICAgICBvcGFjaXR5PSIxIi8+Cjwvc3ZnPgo=\" alt=\"previous arrow\"><\/div><\/div><div class=\"n2-ss-slider-controls n2-ss-slider-controls-absolute-right-center\"><div style=\"--widget-offset:15px;\" class=\"n2-ss-widget n2-ss-widget-display-hover nextend-arrow n2-ow-all nextend-arrow-next  nextend-arrow-animated-fade\" data-hide-mobileportrait=\"1\" id=\"n2-ss-3-arrow-next\" role=\"button\" aria-label=\"next arrow\" tabindex=\"0\"><img loading=\"lazy\" width=\"32\" height=\"32\" class=\"n2-arrow-normal-img skip-lazy\" data-skip-lazy=\"1\" src=\"data:image\/svg+xml;base64,PHN2ZyB3aWR0aD0iMzIiIGhlaWdodD0iMzIiIHZpZXdCb3g9IjAgMCAzMiAzMiIgeG1sbnM9Imh0dHA6Ly93d3cudzMub3JnLzIwMDAvc3ZnIj4KICAgIDxwYXRoIGQ9Ik0xMy4yODYgMjUuNjFjLS4yNC4yNTMtLjUyLjM3Ny0uODQuMzc3LS4zMTggMC0uNi0uMTI0LS44NC0uMzc2bC0xLjI0NS0xLjI5N2MtLjI0LS4yNTItLjM2LS41NDQtLjM2LS44NzggMC0uMzM0LjEyLS42MjYuMzYtLjg3OGw2LjMyOC02LjZMMTAuMzYgOS40M2MtLjI0LS4yNS0uMzYtLjU0LS4zNi0uODY0IDAtLjMyMy4xMi0uNjEyLjM2LS44NjRsMS4yNDUtMS4zMjVjLjI0LS4yNTIuNTIzLS4zNzcuODQ4LS4zNzcuMzIzIDAgLjYwMi4xMjUuODMzLjM3N2w4LjM2NiA4Ljc0NmMuMjQuMjUuMzYzLjU0Ni4zNjMuODgyIDAgLjM0LS4xMjIuNjM0LS4zNjMuODg2bC04LjM2NiA4LjcyeiIKICAgICAgICAgIGZpbGw9IiMzMzMzMzMiIG9wYWNpdHk9IjEiIGZpbGwtcnVsZT0iZXZlbm9kZCIvPgo8L3N2Zz4=\" alt=\"next arrow\"><img loading=\"lazy\" width=\"32\" height=\"32\" class=\"n2-arrow-hover-img skip-lazy\" data-skip-lazy=\"1\" src=\"data:image\/svg+xml;base64,PHN2ZyB3aWR0aD0iMzIiIGhlaWdodD0iMzIiIHZpZXdCb3g9IjAgMCAzMiAzMiIgeG1sbnM9Imh0dHA6Ly93d3cudzMub3JnLzIwMDAvc3ZnIj4KICAgIDxwYXRoIGQ9Ik0xMy4yODYgMjUuNjFjLS4yNC4yNTMtLjUyLjM3Ny0uODQuMzc3LS4zMTggMC0uNi0uMTI0LS44NC0uMzc2bC0xLjI0NS0xLjI5N2MtLjI0LS4yNTItLjM2LS41NDQtLjM2LS44NzggMC0uMzM0LjEyLS42MjYuMzYtLjg3OGw2LjMyOC02LjZMMTAuMzYgOS40M2MtLjI0LS4yNS0uMzYtLjU0LS4zNi0uODY0IDAtLjMyMy4xMi0uNjEyLjM2LS44NjRsMS4yNDUtMS4zMjVjLjI0LS4yNTIuNTIzLS4zNzcuODQ4LS4zNzcuMzIzIDAgLjYwMi4xMjUuODMzLjM3N2w4LjM2NiA4Ljc0NmMuMjQuMjUuMzYzLjU0Ni4zNjMuODgyIDAgLjM0LS4xMjIuNjM0LS4zNjMuODg2bC04LjM2NiA4LjcyeiIKICAgICAgICAgIGZpbGw9IiMxYzBmZDUiIG9wYWNpdHk9IjEiIGZpbGwtcnVsZT0iZXZlbm9kZCIvPgo8L3N2Zz4=\" alt=\"next arrow\"><\/div><\/div><div class=\"n2-ss-slider-controls n2-ss-slider-controls-absolute-center-bottom\"><div style=\"--widget-offset:10px;\" class=\"n2-ss-widget n2-ss-control-bullet n2-ow-all n2-ss-control-bullet-horizontal\"><div class=\" nextend-bullet-bar n2-bar-justify-content-center\" role=\"group\" aria-label=\"Choose slide to display.\"><div class=\"n2-bullet n2-style-785355f374be86c332d4665aae819858-dot \" style=\"visibility:hidden;\"><\/div><\/div><\/div><\/div><\/div><div class=\"n2-ss-slider-controls n2-ss-slider-controls-below\"><div class=\"n2-ss-widget nextend-shadow n2-ow-all\" data-hide-mobileportrait=\"1\"><img width=\"1120\" height=\"50\" style=\"display: block; width:100%;max-width:none;\" class=\"nextend-shadow-image skip-lazy\" loading=\"lazy\" data-skip-lazy=\"1\" src=\"https:\/\/zahnarztpraxis-buerger.de\/wp-content\/plugins\/smart-slider-3\/Public\/SmartSlider3\/Widget\/Shadow\/ShadowImage\/Assets\/shadow\/dark.png\" alt=\"Shadow\"><\/div><\/div><\/div><\/div><ss3-loader><\/ss3-loader><\/div><\/div><div class=\"n2_clear\"><\/div><\/div><\/div>\n\n\n<hr class=\"wp-block-separator\"\/>\n\n\n\n<h2>Zahnarzt Karl B\u00fcrger<\/h2>\n\n\n\n<p class=\"has-black-color has-text-color has-medium-font-size\">Unsere moderne Zahnarztpraxis liegt in direkter N\u00e4he zum Marienplatz im Zentrum von Alt\u00f6tting.<\/p>\n\n\n\n<p class=\"has-black-color has-text-color has-medium-font-size\">Wir f\u00fchlen uns der Zahnheilkunde auf hohem Niveau und neuen Technologien gleicherma\u00dfen verpflichtet.<\/p>\n\n\n\n<p class=\"has-black-color has-text-color has-medium-font-size\">Wir laden Sie herzlich ein, auf den folgenden Seiten einen ersten Eindruck von unserer Zahnarztpraxis und unserer Arbeit f\u00fcr die Zahngesundheit unserer Patienten zu gewinnen.<\/p>\n\n\n\n<h3>Den Schwerpunkt in unserem Leistungsspektrum setzen wir im Bereich von<\/h3>\n\n\n\n<ul class=\"has-black-color has-text-color\"><li>Phobiker \/ Angstpatienten<\/li><li>Prophylaxe (Vorbeugung) und Recall<\/li><li>Parodontologie (Behandlung von Zahnfleisch- oder Zahnbetterkrankungen)<\/li><li>Endodontie (Wurzelbehandlung)<\/li><li>Zahnerhaltung \/ F\u00fcllungstherapie<\/li><li>Kinderzahnbehandlung<\/li><li>\u00c4sthetik \/ Unsichtbare F\u00fcllungen und Kronen \/ Verblendschalen<\/li><li>Hochwertiger Zahnersatz (Prothetik) auch auf Implantaten<\/li><li>Vollkeramik \/  Teilkronen<\/li><li>Funktionsanalyse \/ Behandlung von Kiefergelenksproblemen<\/li><li>Chirurgie (ambulante Operationen)<\/li><\/ul>\n\n\n\n<p class=\"has-black-color has-text-color has-medium-font-size\">Sollten Sie Fragen haben, z\u00f6gern Sie nicht, uns w\u00e4hrend unserer <span class=\"tooltipsall tooltipsincontent classtoolTips0\">Sprechzeiten<\/span> unter Telefon +49 (0)8671 5854 anzurufen.<\/p>\n<script type=\"text\/javascript\"> toolTips('.classtoolTips0','Unsere Praxis ist Montag bis Freitag besetzt.<br\/><br\/>Termine ausschlie\u00dflich nach Vereinbarung!<br\/><br\/><a href=\"https:\/\/www.zahnarzt-notdienst.de\/notdienst\/0\/altoetting-08671.php\"><strong>Notdienst<\/strong> entsprechend der Ver\u00f6ffentlichungen!<\/a>'); <\/script>","protected":false},"excerpt":{"rendered":"<p>Ihre ZahnarztpraxisimLandkreis Alt\u00f6tting Zahnarzt Karl B\u00fcrger Unsere moderne Zahnarztpraxis liegt in direkter N\u00e4he zum Marienplatz im Zentrum von Alt\u00f6tting. Wir f\u00fchlen uns der Zahnheilkunde auf hohem Niveau und neuen Technologien gleicherma\u00dfen verpflichtet. Wir laden Sie herzlich ein, auf den folgenden Seiten einen ersten Eindruck von unserer Zahnarztpraxis und unserer Arbeit f\u00fcr die Zahngesundheit unserer Patienten<\/p>\n<div><a class=\"btn-filled btn\" href=\"https:\/\/zahnarztpraxis-buerger.de\/\" title=\"Startseite\">Weiterlesen<\/a><\/div>\n","protected":false},"author":2,"featured_media":0,"parent":0,"menu_order":0,"comment_status":"closed","ping_status":"open","template":"page-templates\/full-width.php","meta":[],"_links":{"self":[{"href":"https:\/\/zahnarztpraxis-buerger.de\/index.php?rest_route=\/wp\/v2\/pages\/2"}],"collection":[{"href":"https:\/\/zahnarztpraxis-buerger.de\/index.php?rest_route=\/wp\/v2\/pages"}],"about":[{"href":"https:\/\/zahnarztpraxis-buerger.de\/index.php?rest_route=\/wp\/v2\/types\/page"}],"author":[{"embeddable":true,"href":"https:\/\/zahnarztpraxis-buerger.de\/index.php?rest_route=\/wp\/v2\/users\/2"}],"replies":[{"embeddable":true,"href":"https:\/\/zahnarztpraxis-buerger.de\/index.php?rest_route=%2Fwp%2Fv2%2Fcomments&post=2"}],"version-history":[{"count":10,"href":"https:\/\/zahnarztpraxis-buerger.de\/index.php?rest_route=\/wp\/v2\/pages\/2\/revisions"}],"predecessor-version":[{"id":76,"href":"https:\/\/zahnarztpraxis-buerger.de\/index.php?rest_route=\/wp\/v2\/pages\/2\/revisions\/76"}],"wp:attachment":[{"href":"https:\/\/zahnarztpraxis-buerger.de\/index.php?rest_route=%2Fwp%2Fv2%2Fmedia&parent=2"}],"curies":[{"name":"wp","href":"https:\/\/api.w.org\/{rel}","templated":true}]}}