{"id":10,"date":"2020-11-23T13:19:06","date_gmt":"2020-11-23T12:19:06","guid":{"rendered":"https:\/\/zahnarztpraxis-buerger.de\/?page_id=10"},"modified":"2020-12-11T19:12:10","modified_gmt":"2020-12-11T18:12:10","slug":"impressum","status":"publish","type":"page","link":"https:\/\/zahnarztpraxis-buerger.de\/?page_id=10","title":{"rendered":"Impressum"},"content":{"rendered":"\n<p class=\"has-black-color has-text-color\"><p><b>Angaben gem\u00e4\u00df \u00a7 5 TMG<\/b><br><br>Zahnarzt Karl B\u00fcrger<br>Burghauser Stra\u00dfe 2<br>84503 Alt\u00f6tting<\/p><\/p>\n\n\n\n<p class=\"has-black-color has-text-color\">Tel.: 08671\/5854<br>Fax.: <br>E-Mail: kontakt(at)zahnarztpraxis-buerger.de<br>www.zahnarztpraxis-buerger.de<br>Datenschutzbeauftragter: Karl B\u00fcrger<\/p>\n\n\n\n<p class=\"has-black-color has-text-color\"><p>Wir haben f\u00fcr unser Unternehmen einen <b>Datenschutzbeauftragten<\/b> bestellt, der unter folgender E-Mailadresse erreichbar ist:<br><b>datenschutz(at)zahnarztpraxis-buerger.de<\/b><br><br>Umsatzsteuer-Identifikationsnummer gem\u00e4\u00df \u00a7 27 a Umsatzsteuergesetz: DEXXXXXXXXX<br><br>Aufsichtsbeh\u00f6rden<\/p><\/p>\n\n\n\n<p class=\"has-black-color has-text-color\"><p>Name der Aufsichtsbeh\u00f6rde<br>Stra\u00dfe Hausnummer<br>PLZ Ort<br>Tel. 00000 111111<br>Domain<br><br>Name der KZV<br>Stra\u00dfe Hausnummer<br>PLZ Ort<br>Tel.: 00000 111111<br>Domain<br><br>Berufsbezeichnung und Land der Verleihung<br>Berufsbezeichnung: Zahnarzt<br>Verliehen in: Deutschland<br><br>Zust\u00e4ndige Kammer<br>Name der Zahn\u00e4rztekammer<br>Stra\u00dfe Hausnummer<br>Telefon: 00000 111111Domain<br><br>Es gelten folgende berufsrechtliche Regelungen<br>(einsehbar durch Klick auf den jeweiligen Aufz\u00e4hlungspunkt)<\/p><\/p>\n\n\n\n<ul><li>Berufsordnung f\u00fcr Zahn\u00e4rzte\/Zahn\u00e4rztinnen<\/li><li>Heilberufe-Kammergesetz<\/li><li>Zahnheilkundegesetz<\/li><li>Geb\u00fchrenordnung f\u00fcr Zahn\u00e4rzte (GOZ)<\/li><li><a href=\"https:\/\/zahnarztpraxis-buerger.de\/?tooltips=sozialgesetzbuch-fuenftes-buch-sgbv-gesetzliche-krankenversicherung\">Sozialgesetzbuch &#8211; f\u00fcnftes Buch (<span class=\"tooltipsall tooltipsincontent classtoolTips1\">SGBV<\/span>)<\/a><\/li><\/ul>\n\n\n\n<\/p>\n\n\n\n<p class=\"has-black-color has-text-color\"><p>Die Regelungen sind einsehbar unter den Link zu berufsrechtlichen Regelungen<br>Verantwortlich f\u00fcr den Inhalt nach \u00a7 55 Abs. 2 RStV<br>Karl B\u00fcrger, Burghauser Stra\u00dfe 2, 84503 Alt\u00f6tting<br><\/p><\/p>\n\n\n\n<p class=\"has-black-color has-text-color\"><p>Streitschlichtung:<br>Die Europ\u00e4ische Kommission stellt eine Plattform zur Online-Streitbeilegung (OS) bereit:&nbsp;<a rel=\"noreferrer noopener\" href=\"https:\/\/ec.europa.eu\/consumers\/odr\" target=\"_blank\">https:\/\/ec.europa.eu\/consumers\/odr<\/a>Unsere E-Mail-Adresse finden Sie oben im Impressum.<br>Wir sind nicht bereit oder verpflichtet, an Streitbeilegungsverfahren vor einer Verbraucherschlichtungsstelle teilzunehmen.<\/p><\/p>\n\n\n\n<figure class=\"wp-block-image\"><img src=\"https:\/\/lirp-cdn.multiscreensite.com\/a77e4bd6\/dms3rep\/multi\/opt\/3_erecht24-siegel-disclaimer-blau-200w.png\" alt=\"eRecht24-Disclaimer\" title=\"eRecht24-Disclaimer\"\/><\/figure>\n\n\n\n<h2 id=\"1373746908\">Haftungsausschluss (Disclaimer)<\/h2>\n\n\n\n<p class=\"has-black-color has-text-color\"><p>Haftung f\u00fcr Inhalte&nbsp;Als Diensteanbieter sind wir gem\u00e4\u00df \u00a7 7 Abs.1 TMG f\u00fcr eigene Inhalte auf diesen Seiten nach den allgemeinen Gesetzen verantwortlich. Nach \u00a7\u00a7 8 bis 10 TMG sind wir als Diensteanbieter jedoch nicht verpflichtet, \u00fcbermittelte oder gespeicherte fremde Informationen zu \u00fcberwachen oder nach Umst\u00e4nden zu forschen, die auf eine rechtswidrige T\u00e4tigkeit hinweisen. Verpflichtungen zur Entfernung oder Sperrung der Nutzung von Informationen nach den allgemeinen Gesetzen bleiben hiervon unber\u00fchrt. Eine diesbez\u00fcgliche Haftung ist jedoch erst ab dem Zeitpunkt der Kenntnis einer konkreten Rechtsverletzung m\u00f6glich. Bei Bekanntwerden von entsprechenden Rechtsverletzungen werden wir diese Inhalte umgehend entfernen.<br>Haftung f\u00fcr Links&nbsp;Unser Angebot enth\u00e4lt Links zu externen Websites Dritter, auf deren Inhalte wir keinen Einfluss haben. Deshalb k\u00f6nnen wir f\u00fcr diese fremden Inhalte auch keine Gew\u00e4hr \u00fcbernehmen. F\u00fcr die Inhalte der verlinkten Seiten ist stets der jeweilige Anbieter oder Betreiber der Seiten verantwortlich. Die verlinkten Seiten wurden zum Zeitpunkt der Verlinkung auf m\u00f6gliche Rechtsverst\u00f6\u00dfe \u00fcberpr\u00fcft. Rechtswidrige Inhalte waren zum Zeitpunkt der Verlinkung nicht erkennbar. Eine permanente inhaltliche Kontrolle der verlinkten Seiten ist jedoch ohne konkrete Anhaltspunkte einer Rechtsverletzung nicht zumutbar. Bei Bekanntwerden von Rechtsverletzungen werden wir derartige Links umgehend entfernen.&nbsp;<br><strong>Urheberrecht&nbsp;<\/strong>Die durch die Seitenbetreiber erstellten Inhalte und Werke auf diesen Seiten unterliegen dem deutschen Urheberrecht. Die Vervielf\u00e4ltigung, Bearbeitung, Verbreitung und jede Art der Verwertung au\u00dferhalb der Grenzen des Urheberrechtes bed\u00fcrfen der schriftlichen Zustimmung des jeweiligen Autors bzw. Erstellers. Downloads und Kopien dieser Seite sind nur f\u00fcr den privaten, nicht kommerziellen Gebrauch gestattet.&nbsp;Soweit die Inhalte auf dieser Seite nicht vom Betreiber erstellt wurden, werden die Urheberrechte Dritter beachtet. Insbesondere werden Inhalte Dritter als solche gekennzeichnet. Sollten Sie trotzdem auf eine Urheberrechtsverletzung aufmerksam werden, bitten wir um einen entsprechenden Hinweis. Bei Bekanntwerden von Rechtsverletzungen werden wir derartige Inhalte umgehend entfernen.&nbsp;<\/p><\/p>\n<script type=\"text\/javascript\"> toolTips('.classtoolTips1','Das <span class=\"tooltipsall tooltipsincontent classtoolTips1\">SGBV<\/span> enth\u00e4lt die Vorschriften zur gesetzlichen Krankenversicherung.<br\/><br\/>Es regelt vor allem<br\/><ul><br\/> \t<li>die Versicherungspflicht,<\/li><br\/> \t<li>die Leistungen der gesetzlichen Krankenkassen,<\/li><br\/> \t<li>deren Rechtsbeziehungen zu weiteren Leistungserbringern (\u00c4rzte, Zahn\u00e4rzte, Apotheker etc.) sowie<\/li><br\/> \t<li>die Organisation und Finanzierung der Krankenkassen.<\/li><br\/><\/ul>'); <\/script>","protected":false},"excerpt":{"rendered":"<p>Angaben gem\u00e4\u00df \u00a7 5 TMG Zahnarzt Karl B\u00fcrgerBurghauser Stra\u00dfe 284503 Alt\u00f6tting Tel.: 08671\/5854Fax.: E-Mail: kontakt(at)zahnarztpraxis-buerger.dewww.zahnarztpraxis-buerger.deDatenschutzbeauftragter: Karl B\u00fcrger Wir haben f\u00fcr unser Unternehmen einen Datenschutzbeauftragten bestellt, der unter folgender E-Mailadresse erreichbar ist:datenschutz(at)zahnarztpraxis-buerger.de Umsatzsteuer-Identifikationsnummer gem\u00e4\u00df \u00a7 27 a Umsatzsteuergesetz: DEXXXXXXXXX Aufsichtsbeh\u00f6rden Name der Aufsichtsbeh\u00f6rdeStra\u00dfe HausnummerPLZ OrtTel. 00000 111111Domain Name der KZVStra\u00dfe HausnummerPLZ OrtTel.: 00000 111111Domain Berufsbezeichnung und<\/p>\n<div><a class=\"btn-filled btn\" href=\"https:\/\/zahnarztpraxis-buerger.de\/?page_id=10\" title=\"Impressum\">Weiterlesen<\/a><\/div>\n","protected":false},"author":2,"featured_media":0,"parent":0,"menu_order":0,"comment_status":"closed","ping_status":"closed","template":"page-templates\/full-width.php","meta":[],"_links":{"self":[{"href":"https:\/\/zahnarztpraxis-buerger.de\/index.php?rest_route=\/wp\/v2\/pages\/10"}],"collection":[{"href":"https:\/\/zahnarztpraxis-buerger.de\/index.php?rest_route=\/wp\/v2\/pages"}],"about":[{"href":"https:\/\/zahnarztpraxis-buerger.de\/index.php?rest_route=\/wp\/v2\/types\/page"}],"author":[{"embeddable":true,"href":"https:\/\/zahnarztpraxis-buerger.de\/index.php?rest_route=\/wp\/v2\/users\/2"}],"replies":[{"embeddable":true,"href":"https:\/\/zahnarztpraxis-buerger.de\/index.php?rest_route=%2Fwp%2Fv2%2Fcomments&post=10"}],"version-history":[{"count":5,"href":"https:\/\/zahnarztpraxis-buerger.de\/index.php?rest_route=\/wp\/v2\/pages\/10\/revisions"}],"predecessor-version":[{"id":59,"href":"https:\/\/zahnarztpraxis-buerger.de\/index.php?rest_route=\/wp\/v2\/pages\/10\/revisions\/59"}],"wp:attachment":[{"href":"https:\/\/zahnarztpraxis-buerger.de\/index.php?rest_route=%2Fwp%2Fv2%2Fmedia&parent=10"}],"curies":[{"name":"wp","href":"https:\/\/api.w.org\/{rel}","templated":true}]}}